{"id":87,"date":"2015-03-31T11:44:28","date_gmt":"2015-03-31T11:44:28","guid":{"rendered":"http:\/\/wp.gotoandplay.ee\/mobigw\/sample-page-2\/"},"modified":"2015-11-05T08:13:32","modified_gmt":"2015-11-05T08:13:32","slug":"sample-page","status":"publish","type":"page","link":"http:\/\/webtest.mobigw.mobi\/et\/","title":{"rendered":"Meilt saad sobiva SMS-lahenduse ja mobiilimakse API"},"content":{"rendered":"<p>MobiGW aitab l\u00fchinumbrite ja \u00fchendustega<\/p>\n<p><a class=\"btn btn-red btn-sml\" title=\"Mobiilimaksed\" href=\"http:\/\/webtest.mobigw.mobi\/et\/teenused\/mobiilimaksed\/\">Kuidas see t\u00f6\u00f6tab?<\/a><\/p>\n","protected":false},"excerpt":{"rendered":"<p>MobiGW aitab l\u00fchinumbrite ja \u00fchendustega Kuidas see t\u00f6\u00f6tab?<\/p>\n","protected":false},"author":1,"featured_media":16,"parent":0,"menu_order":0,"comment_status":"closed","ping_status":"closed","template":"template-home.php","meta":{"footnotes":""},"class_list":["post-87","page","type-page","status-publish","has-post-thumbnail","hentry"],"yoast_head":"<!-- This site is optimized with the Yoast SEO plugin v27.4 - https:\/\/yoast.com\/product\/yoast-seo-wordpress\/ -->\n<title>Meilt saad sobiva SMS-lahenduse ja mobiilimakse API - MobiGW<\/title>\n<meta name=\"robots\" content=\"index, follow, max-snippet:-1, max-image-preview:large, max-video-preview:-1\" \/>\n<link rel=\"canonical\" href=\"http:\/\/webtest.mobigw.mobi\/et\/\" \/>\n<meta property=\"og:locale\" content=\"et_EE\" \/>\n<meta property=\"og:type\" content=\"article\" \/>\n<meta property=\"og:title\" content=\"Meilt saad sobiva SMS-lahenduse ja mobiilimakse API - MobiGW\" \/>\n<meta property=\"og:description\" content=\"MobiGW aitab l\u00fchinumbrite ja \u00fchendustega Kuidas see t\u00f6\u00f6tab?\" \/>\n<meta property=\"og:url\" content=\"http:\/\/webtest.mobigw.mobi\/et\/\" \/>\n<meta property=\"og:site_name\" content=\"MobiGW\" \/>\n<meta property=\"article:modified_time\" content=\"2015-11-05T08:13:32+00:00\" \/>\n<meta property=\"og:image\" content=\"http:\/\/webtest.mobigw.mobi\/wp-content\/uploads\/2015\/03\/home_bg.jpg\" \/>\n\t<meta property=\"og:image:width\" content=\"1600\" \/>\n\t<meta property=\"og:image:height\" content=\"799\" \/>\n\t<meta property=\"og:image:type\" content=\"image\/jpeg\" \/>\n<meta name=\"twitter:card\" content=\"summary_large_image\" \/>\n<script type=\"application\/ld+json\" class=\"yoast-schema-graph\">{\"@context\":\"https:\\\/\\\/schema.org\",\"@graph\":[{\"@type\":\"WebPage\",\"@id\":\"http:\\\/\\\/webtest.mobigw.mobi\\\/et\\\/\",\"url\":\"http:\\\/\\\/webtest.mobigw.mobi\\\/et\\\/\",\"name\":\"Meilt saad sobiva SMS-lahenduse ja mobiilimakse API - MobiGW\",\"isPartOf\":{\"@id\":\"http:\\\/\\\/webtest.mobigw.mobi\\\/#website\"},\"primaryImageOfPage\":{\"@id\":\"http:\\\/\\\/webtest.mobigw.mobi\\\/et\\\/#primaryimage\"},\"image\":{\"@id\":\"http:\\\/\\\/webtest.mobigw.mobi\\\/et\\\/#primaryimage\"},\"thumbnailUrl\":\"http:\\\/\\\/webtest.mobigw.mobi\\\/wp-content\\\/uploads\\\/2015\\\/03\\\/home_bg.jpg\",\"datePublished\":\"2015-03-31T11:44:28+00:00\",\"dateModified\":\"2015-11-05T08:13:32+00:00\",\"breadcrumb\":{\"@id\":\"http:\\\/\\\/webtest.mobigw.mobi\\\/et\\\/#breadcrumb\"},\"inLanguage\":\"et\",\"potentialAction\":[{\"@type\":\"ReadAction\",\"target\":[\"http:\\\/\\\/webtest.mobigw.mobi\\\/et\\\/\"]}]},{\"@type\":\"ImageObject\",\"inLanguage\":\"et\",\"@id\":\"http:\\\/\\\/webtest.mobigw.mobi\\\/et\\\/#primaryimage\",\"url\":\"http:\\\/\\\/webtest.mobigw.mobi\\\/wp-content\\\/uploads\\\/2015\\\/03\\\/home_bg.jpg\",\"contentUrl\":\"http:\\\/\\\/webtest.mobigw.mobi\\\/wp-content\\\/uploads\\\/2015\\\/03\\\/home_bg.jpg\",\"width\":1600,\"height\":799},{\"@type\":\"BreadcrumbList\",\"@id\":\"http:\\\/\\\/webtest.mobigw.mobi\\\/et\\\/#breadcrumb\",\"itemListElement\":[{\"@type\":\"ListItem\",\"position\":1,\"name\":\"Home\",\"item\":\"http:\\\/\\\/webtest.mobigw.mobi\\\/et\\\/\"},{\"@type\":\"ListItem\",\"position\":2,\"name\":\"Meilt saad sobiva SMS-lahenduse ja mobiilimakse API\"}]},{\"@type\":\"WebSite\",\"@id\":\"http:\\\/\\\/webtest.mobigw.mobi\\\/#website\",\"url\":\"http:\\\/\\\/webtest.mobigw.mobi\\\/\",\"name\":\"MobiGW\",\"description\":\"\",\"potentialAction\":[{\"@type\":\"SearchAction\",\"target\":{\"@type\":\"EntryPoint\",\"urlTemplate\":\"http:\\\/\\\/webtest.mobigw.mobi\\\/?s={search_term_string}\"},\"query-input\":{\"@type\":\"PropertyValueSpecification\",\"valueRequired\":true,\"valueName\":\"search_term_string\"}}],\"inLanguage\":\"et\"}]}<\/script>\n<!-- \/ Yoast SEO plugin. -->","yoast_head_json":{"title":"Meilt saad sobiva SMS-lahenduse ja mobiilimakse API - MobiGW","robots":{"index":"index","follow":"follow","max-snippet":"max-snippet:-1","max-image-preview":"max-image-preview:large","max-video-preview":"max-video-preview:-1"},"canonical":"http:\/\/webtest.mobigw.mobi\/et\/","og_locale":"et_EE","og_type":"article","og_title":"Meilt saad sobiva SMS-lahenduse ja mobiilimakse API - MobiGW","og_description":"MobiGW aitab l\u00fchinumbrite ja \u00fchendustega Kuidas see t\u00f6\u00f6tab?","og_url":"http:\/\/webtest.mobigw.mobi\/et\/","og_site_name":"MobiGW","article_modified_time":"2015-11-05T08:13:32+00:00","og_image":[{"width":1600,"height":799,"url":"http:\/\/webtest.mobigw.mobi\/wp-content\/uploads\/2015\/03\/home_bg.jpg","type":"image\/jpeg"}],"twitter_card":"summary_large_image","schema":{"@context":"https:\/\/schema.org","@graph":[{"@type":"WebPage","@id":"http:\/\/webtest.mobigw.mobi\/et\/","url":"http:\/\/webtest.mobigw.mobi\/et\/","name":"Meilt saad sobiva SMS-lahenduse ja mobiilimakse API - MobiGW","isPartOf":{"@id":"http:\/\/webtest.mobigw.mobi\/#website"},"primaryImageOfPage":{"@id":"http:\/\/webtest.mobigw.mobi\/et\/#primaryimage"},"image":{"@id":"http:\/\/webtest.mobigw.mobi\/et\/#primaryimage"},"thumbnailUrl":"http:\/\/webtest.mobigw.mobi\/wp-content\/uploads\/2015\/03\/home_bg.jpg","datePublished":"2015-03-31T11:44:28+00:00","dateModified":"2015-11-05T08:13:32+00:00","breadcrumb":{"@id":"http:\/\/webtest.mobigw.mobi\/et\/#breadcrumb"},"inLanguage":"et","potentialAction":[{"@type":"ReadAction","target":["http:\/\/webtest.mobigw.mobi\/et\/"]}]},{"@type":"ImageObject","inLanguage":"et","@id":"http:\/\/webtest.mobigw.mobi\/et\/#primaryimage","url":"http:\/\/webtest.mobigw.mobi\/wp-content\/uploads\/2015\/03\/home_bg.jpg","contentUrl":"http:\/\/webtest.mobigw.mobi\/wp-content\/uploads\/2015\/03\/home_bg.jpg","width":1600,"height":799},{"@type":"BreadcrumbList","@id":"http:\/\/webtest.mobigw.mobi\/et\/#breadcrumb","itemListElement":[{"@type":"ListItem","position":1,"name":"Home","item":"http:\/\/webtest.mobigw.mobi\/et\/"},{"@type":"ListItem","position":2,"name":"Meilt saad sobiva SMS-lahenduse ja mobiilimakse API"}]},{"@type":"WebSite","@id":"http:\/\/webtest.mobigw.mobi\/#website","url":"http:\/\/webtest.mobigw.mobi\/","name":"MobiGW","description":"","potentialAction":[{"@type":"SearchAction","target":{"@type":"EntryPoint","urlTemplate":"http:\/\/webtest.mobigw.mobi\/?s={search_term_string}"},"query-input":{"@type":"PropertyValueSpecification","valueRequired":true,"valueName":"search_term_string"}}],"inLanguage":"et"}]}},"_links":{"self":[{"href":"http:\/\/webtest.mobigw.mobi\/et\/wp-json\/wp\/v2\/pages\/87","targetHints":{"allow":["GET"]}}],"collection":[{"href":"http:\/\/webtest.mobigw.mobi\/et\/wp-json\/wp\/v2\/pages"}],"about":[{"href":"http:\/\/webtest.mobigw.mobi\/et\/wp-json\/wp\/v2\/types\/page"}],"author":[{"embeddable":true,"href":"http:\/\/webtest.mobigw.mobi\/et\/wp-json\/wp\/v2\/users\/1"}],"replies":[{"embeddable":true,"href":"http:\/\/webtest.mobigw.mobi\/et\/wp-json\/wp\/v2\/comments?post=87"}],"version-history":[{"count":5,"href":"http:\/\/webtest.mobigw.mobi\/et\/wp-json\/wp\/v2\/pages\/87\/revisions"}],"predecessor-version":[{"id":551,"href":"http:\/\/webtest.mobigw.mobi\/et\/wp-json\/wp\/v2\/pages\/87\/revisions\/551"}],"wp:featuredmedia":[{"embeddable":true,"href":"http:\/\/webtest.mobigw.mobi\/et\/wp-json\/wp\/v2\/media\/16"}],"wp:attachment":[{"href":"http:\/\/webtest.mobigw.mobi\/et\/wp-json\/wp\/v2\/media?parent=87"}],"curies":[{"name":"wp","href":"https:\/\/api.w.org\/{rel}","templated":true}]}}