{"id":116,"date":"2015-04-08T13:07:50","date_gmt":"2015-04-08T13:07:50","guid":{"rendered":"http:\/\/wp.gotoandplay.ee\/mobigw\/?page_id=116"},"modified":"2015-11-05T08:19:52","modified_gmt":"2015-11-05T08:19:52","slug":"kontakt","status":"publish","type":"page","link":"https:\/\/webtest.mobigw.mobi\/et\/kontakt\/","title":{"rendered":"Kontakt"},"content":{"rendered":"<p>Soovid saada infot enda <strong>mobiiliarvel oleva teenuse<\/strong> kohta? Palun kliki all paremas nurgas olevale lingile ja t\u00e4ida vorm v\u00f5i kirjuta klienditoele e-maili teel: <a href=\"mailto:support.ee@txthelper.com\">support.ee@txthelper.com<\/a> Oma teate saad j\u00e4tta ka numbrile: 6999988.<\/p>\n<h2>Meist<\/h2>\n<p>MobiGW on enam kui k\u00fcmneaastase kogemusega mobiili lisav\u00e4\u00e4rtusteenuseid pakkuv ettev\u00f5te. MobiGW kuulub \u00a0<a title=\"Mobi Solutions\" href=\"http:\/\/mobisolutions.com\" target=\"_blank\">Mobi Solutions gruppi<\/a>.<\/p>\n<h2>Ettev\u00f5tte andmed<\/h2>\n<ul>\n<li>Nimi: MobiGW O\u00dc<\/li>\n<li>Aadress: Akadeemia 3, Tartu, Estonia<\/li>\n<li>Registrikood:\u00a012585425<\/li>\n<li>KMK number:\u00a0EE101685515<\/li>\n<\/ul>\n<h2>Kontaktid<\/h2>\n","protected":false},"excerpt":{"rendered":"<p>Soovid saada infot enda mobiiliarvel oleva teenuse kohta? Palun kliki all paremas nurgas olevale lingile ja t\u00e4ida vorm v\u00f5i kirjuta klienditoele e-maili teel: support.ee@txthelper.com Oma teate saad j\u00e4tta ka numbrile: 6999988. Meist MobiGW on enam kui k\u00fcmneaastase kogemusega mobiili lisav\u00e4\u00e4rtusteenuseid pakkuv ettev\u00f5te. MobiGW kuulub \u00a0Mobi Solutions gruppi. Ettev\u00f5tte andmed Nimi: MobiGW O\u00dc Aadress: Akadeemia 3, &#8230;<\/p>\n","protected":false},"author":1,"featured_media":0,"parent":0,"menu_order":0,"comment_status":"closed","ping_status":"closed","template":"template-contact.php","meta":{"footnotes":""},"class_list":["post-116","page","type-page","status-publish","hentry"],"yoast_head":"<!-- This site is optimized with the Yoast SEO plugin v27.4 - https:\/\/yoast.com\/product\/yoast-seo-wordpress\/ -->\n<title>Kontakt - MobiGW<\/title>\n<meta name=\"robots\" content=\"index, follow, max-snippet:-1, max-image-preview:large, max-video-preview:-1\" \/>\n<link rel=\"canonical\" href=\"https:\/\/webtest.mobigw.mobi\/et\/kontakt\/\" \/>\n<meta property=\"og:locale\" content=\"et_EE\" \/>\n<meta property=\"og:type\" content=\"article\" \/>\n<meta property=\"og:title\" content=\"Kontakt - MobiGW\" \/>\n<meta property=\"og:description\" content=\"Soovid saada infot enda mobiiliarvel oleva teenuse kohta? Palun kliki all paremas nurgas olevale lingile ja t\u00e4ida vorm v\u00f5i kirjuta klienditoele e-maili teel: support.ee@txthelper.com Oma teate saad j\u00e4tta ka numbrile: 6999988. Meist MobiGW on enam kui k\u00fcmneaastase kogemusega mobiili lisav\u00e4\u00e4rtusteenuseid pakkuv ettev\u00f5te. MobiGW kuulub \u00a0Mobi Solutions gruppi. Ettev\u00f5tte andmed Nimi: MobiGW O\u00dc Aadress: Akadeemia 3, ...\" \/>\n<meta property=\"og:url\" content=\"https:\/\/webtest.mobigw.mobi\/et\/kontakt\/\" \/>\n<meta property=\"og:site_name\" content=\"MobiGW\" \/>\n<meta property=\"article:modified_time\" content=\"2015-11-05T08:19:52+00:00\" \/>\n<meta name=\"twitter:card\" content=\"summary_large_image\" \/>\n<script type=\"application\/ld+json\" class=\"yoast-schema-graph\">{\"@context\":\"https:\\\/\\\/schema.org\",\"@graph\":[{\"@type\":\"WebPage\",\"@id\":\"https:\\\/\\\/webtest.mobigw.mobi\\\/et\\\/kontakt\\\/\",\"url\":\"https:\\\/\\\/webtest.mobigw.mobi\\\/et\\\/kontakt\\\/\",\"name\":\"Kontakt - MobiGW\",\"isPartOf\":{\"@id\":\"http:\\\/\\\/webtest.mobigw.mobi\\\/#website\"},\"datePublished\":\"2015-04-08T13:07:50+00:00\",\"dateModified\":\"2015-11-05T08:19:52+00:00\",\"breadcrumb\":{\"@id\":\"https:\\\/\\\/webtest.mobigw.mobi\\\/et\\\/kontakt\\\/#breadcrumb\"},\"inLanguage\":\"et\",\"potentialAction\":[{\"@type\":\"ReadAction\",\"target\":[\"https:\\\/\\\/webtest.mobigw.mobi\\\/et\\\/kontakt\\\/\"]}]},{\"@type\":\"BreadcrumbList\",\"@id\":\"https:\\\/\\\/webtest.mobigw.mobi\\\/et\\\/kontakt\\\/#breadcrumb\",\"itemListElement\":[{\"@type\":\"ListItem\",\"position\":1,\"name\":\"Home\",\"item\":\"http:\\\/\\\/webtest.mobigw.mobi\\\/et\\\/\"},{\"@type\":\"ListItem\",\"position\":2,\"name\":\"Kontakt\"}]},{\"@type\":\"WebSite\",\"@id\":\"http:\\\/\\\/webtest.mobigw.mobi\\\/#website\",\"url\":\"http:\\\/\\\/webtest.mobigw.mobi\\\/\",\"name\":\"MobiGW\",\"description\":\"\",\"potentialAction\":[{\"@type\":\"SearchAction\",\"target\":{\"@type\":\"EntryPoint\",\"urlTemplate\":\"http:\\\/\\\/webtest.mobigw.mobi\\\/?s={search_term_string}\"},\"query-input\":{\"@type\":\"PropertyValueSpecification\",\"valueRequired\":true,\"valueName\":\"search_term_string\"}}],\"inLanguage\":\"et\"}]}<\/script>\n<!-- \/ Yoast SEO plugin. -->","yoast_head_json":{"title":"Kontakt - MobiGW","robots":{"index":"index","follow":"follow","max-snippet":"max-snippet:-1","max-image-preview":"max-image-preview:large","max-video-preview":"max-video-preview:-1"},"canonical":"https:\/\/webtest.mobigw.mobi\/et\/kontakt\/","og_locale":"et_EE","og_type":"article","og_title":"Kontakt - MobiGW","og_description":"Soovid saada infot enda mobiiliarvel oleva teenuse kohta? Palun kliki all paremas nurgas olevale lingile ja t\u00e4ida vorm v\u00f5i kirjuta klienditoele e-maili teel: support.ee@txthelper.com Oma teate saad j\u00e4tta ka numbrile: 6999988. Meist MobiGW on enam kui k\u00fcmneaastase kogemusega mobiili lisav\u00e4\u00e4rtusteenuseid pakkuv ettev\u00f5te. MobiGW kuulub \u00a0Mobi Solutions gruppi. Ettev\u00f5tte andmed Nimi: MobiGW O\u00dc Aadress: Akadeemia 3, ...","og_url":"https:\/\/webtest.mobigw.mobi\/et\/kontakt\/","og_site_name":"MobiGW","article_modified_time":"2015-11-05T08:19:52+00:00","twitter_card":"summary_large_image","schema":{"@context":"https:\/\/schema.org","@graph":[{"@type":"WebPage","@id":"https:\/\/webtest.mobigw.mobi\/et\/kontakt\/","url":"https:\/\/webtest.mobigw.mobi\/et\/kontakt\/","name":"Kontakt - MobiGW","isPartOf":{"@id":"http:\/\/webtest.mobigw.mobi\/#website"},"datePublished":"2015-04-08T13:07:50+00:00","dateModified":"2015-11-05T08:19:52+00:00","breadcrumb":{"@id":"https:\/\/webtest.mobigw.mobi\/et\/kontakt\/#breadcrumb"},"inLanguage":"et","potentialAction":[{"@type":"ReadAction","target":["https:\/\/webtest.mobigw.mobi\/et\/kontakt\/"]}]},{"@type":"BreadcrumbList","@id":"https:\/\/webtest.mobigw.mobi\/et\/kontakt\/#breadcrumb","itemListElement":[{"@type":"ListItem","position":1,"name":"Home","item":"http:\/\/webtest.mobigw.mobi\/et\/"},{"@type":"ListItem","position":2,"name":"Kontakt"}]},{"@type":"WebSite","@id":"http:\/\/webtest.mobigw.mobi\/#website","url":"http:\/\/webtest.mobigw.mobi\/","name":"MobiGW","description":"","potentialAction":[{"@type":"SearchAction","target":{"@type":"EntryPoint","urlTemplate":"http:\/\/webtest.mobigw.mobi\/?s={search_term_string}"},"query-input":{"@type":"PropertyValueSpecification","valueRequired":true,"valueName":"search_term_string"}}],"inLanguage":"et"}]}},"_links":{"self":[{"href":"https:\/\/webtest.mobigw.mobi\/et\/wp-json\/wp\/v2\/pages\/116","targetHints":{"allow":["GET"]}}],"collection":[{"href":"https:\/\/webtest.mobigw.mobi\/et\/wp-json\/wp\/v2\/pages"}],"about":[{"href":"https:\/\/webtest.mobigw.mobi\/et\/wp-json\/wp\/v2\/types\/page"}],"author":[{"embeddable":true,"href":"https:\/\/webtest.mobigw.mobi\/et\/wp-json\/wp\/v2\/users\/1"}],"replies":[{"embeddable":true,"href":"https:\/\/webtest.mobigw.mobi\/et\/wp-json\/wp\/v2\/comments?post=116"}],"version-history":[{"count":5,"href":"https:\/\/webtest.mobigw.mobi\/et\/wp-json\/wp\/v2\/pages\/116\/revisions"}],"predecessor-version":[{"id":553,"href":"https:\/\/webtest.mobigw.mobi\/et\/wp-json\/wp\/v2\/pages\/116\/revisions\/553"}],"wp:attachment":[{"href":"https:\/\/webtest.mobigw.mobi\/et\/wp-json\/wp\/v2\/media?parent=116"}],"curies":[{"name":"wp","href":"https:\/\/api.w.org\/{rel}","templated":true}]}}