{"id":201,"date":"2015-04-08T11:34:05","date_gmt":"2015-04-08T11:34:05","guid":{"rendered":"http:\/\/wp.gotoandplay.ee\/mobigw\/documentation-2\/"},"modified":"2015-05-27T08:47:35","modified_gmt":"2015-05-27T08:47:35","slug":"documentation","status":"publish","type":"page","link":"https:\/\/webtest.mobigw.mobi\/et\/documentation\/","title":{"rendered":"Dokumentatsioon"},"content":{"rendered":"<p>Siit leiad meie dokumentatsiooni, kus on nii \u00fcldisemat infot kui ka API liidestamiseks vajalikke juhiseid. Kui sa ei leia seda, mida vaja, siis v\u00f5ta meiega \u00fchendust:\u00a0<a href=\"mailto:services@mobigw.mobi\">services@mobigw.mobi<\/a>.<\/p>\n<h2>API dokumentatsioon<\/h2>\n<ul>\n<li>Mobiilimakse API<\/li>\n<li>MSISDN tuvastamise\u00a0API<\/li>\n<li>Push-SMS API s\u00f5numite v\u00e4lja saatmiseks<\/li>\n<li>Perioodiliste maksete API<\/li>\n<li>Direct Carrier Billing API<\/li>\n<\/ul>\n<h2>Teenuste juhendid ja tingimused<\/h2>\n<ul>\n<li><a href=\"http:\/\/www.tarbijakaitseamet.ee\/sites\/default\/files\/failid\/dokumendid\/sisuteenuste_pakkumise_juhend.pdf\" target=\"_blank\">Perioodiliste teenuste pakkumise juhised Eestis<\/a>. V\u00e4ljaandja: <a href=\"http:\/\/www.tarbijakaitseamet.ee\/\" target=\"_blank\">Eesti Tarbijakaitseamet<\/a>.<\/li>\n<\/ul>\n","protected":false},"excerpt":{"rendered":"<p>Siit leiad meie dokumentatsiooni, kus on nii \u00fcldisemat infot kui ka API liidestamiseks vajalikke juhiseid. Kui sa ei leia seda, mida vaja, siis v\u00f5ta meiega \u00fchendust:\u00a0services@mobigw.mobi. API dokumentatsioon Mobiilimakse API MSISDN tuvastamise\u00a0API Push-SMS API s\u00f5numite v\u00e4lja saatmiseks Perioodiliste maksete API Direct Carrier Billing API Teenuste juhendid ja tingimused Perioodiliste teenuste pakkumise juhised Eestis. V\u00e4ljaandja: Eesti &#8230;<\/p>\n","protected":false},"author":1,"featured_media":0,"parent":0,"menu_order":0,"comment_status":"closed","ping_status":"closed","template":"","meta":{"footnotes":""},"class_list":["post-201","page","type-page","status-publish","hentry"],"yoast_head":"<!-- This site is optimized with the Yoast SEO plugin v27.4 - https:\/\/yoast.com\/product\/yoast-seo-wordpress\/ -->\n<title>Dokumentatsioon - MobiGW<\/title>\n<meta name=\"robots\" content=\"index, follow, max-snippet:-1, max-image-preview:large, max-video-preview:-1\" \/>\n<link rel=\"canonical\" href=\"https:\/\/webtest.mobigw.mobi\/et\/documentation\/\" \/>\n<meta property=\"og:locale\" content=\"et_EE\" \/>\n<meta property=\"og:type\" content=\"article\" \/>\n<meta property=\"og:title\" content=\"Dokumentatsioon - MobiGW\" \/>\n<meta property=\"og:description\" content=\"Siit leiad meie dokumentatsiooni, kus on nii \u00fcldisemat infot kui ka API liidestamiseks vajalikke juhiseid. Kui sa ei leia seda, mida vaja, siis v\u00f5ta meiega \u00fchendust:\u00a0services@mobigw.mobi. API dokumentatsioon Mobiilimakse API MSISDN tuvastamise\u00a0API Push-SMS API s\u00f5numite v\u00e4lja saatmiseks Perioodiliste maksete API Direct Carrier Billing API Teenuste juhendid ja tingimused Perioodiliste teenuste pakkumise juhised Eestis. V\u00e4ljaandja: Eesti ...\" \/>\n<meta property=\"og:url\" content=\"https:\/\/webtest.mobigw.mobi\/et\/documentation\/\" \/>\n<meta property=\"og:site_name\" content=\"MobiGW\" \/>\n<meta property=\"article:modified_time\" content=\"2015-05-27T08:47:35+00:00\" \/>\n<meta name=\"twitter:card\" content=\"summary_large_image\" \/>\n<script type=\"application\/ld+json\" class=\"yoast-schema-graph\">{\"@context\":\"https:\\\/\\\/schema.org\",\"@graph\":[{\"@type\":\"WebPage\",\"@id\":\"https:\\\/\\\/webtest.mobigw.mobi\\\/et\\\/documentation\\\/\",\"url\":\"https:\\\/\\\/webtest.mobigw.mobi\\\/et\\\/documentation\\\/\",\"name\":\"Dokumentatsioon - MobiGW\",\"isPartOf\":{\"@id\":\"http:\\\/\\\/webtest.mobigw.mobi\\\/#website\"},\"datePublished\":\"2015-04-08T11:34:05+00:00\",\"dateModified\":\"2015-05-27T08:47:35+00:00\",\"breadcrumb\":{\"@id\":\"https:\\\/\\\/webtest.mobigw.mobi\\\/et\\\/documentation\\\/#breadcrumb\"},\"inLanguage\":\"et\",\"potentialAction\":[{\"@type\":\"ReadAction\",\"target\":[\"https:\\\/\\\/webtest.mobigw.mobi\\\/et\\\/documentation\\\/\"]}]},{\"@type\":\"BreadcrumbList\",\"@id\":\"https:\\\/\\\/webtest.mobigw.mobi\\\/et\\\/documentation\\\/#breadcrumb\",\"itemListElement\":[{\"@type\":\"ListItem\",\"position\":1,\"name\":\"Home\",\"item\":\"http:\\\/\\\/webtest.mobigw.mobi\\\/et\\\/\"},{\"@type\":\"ListItem\",\"position\":2,\"name\":\"Dokumentatsioon\"}]},{\"@type\":\"WebSite\",\"@id\":\"http:\\\/\\\/webtest.mobigw.mobi\\\/#website\",\"url\":\"http:\\\/\\\/webtest.mobigw.mobi\\\/\",\"name\":\"MobiGW\",\"description\":\"\",\"potentialAction\":[{\"@type\":\"SearchAction\",\"target\":{\"@type\":\"EntryPoint\",\"urlTemplate\":\"http:\\\/\\\/webtest.mobigw.mobi\\\/?s={search_term_string}\"},\"query-input\":{\"@type\":\"PropertyValueSpecification\",\"valueRequired\":true,\"valueName\":\"search_term_string\"}}],\"inLanguage\":\"et\"}]}<\/script>\n<!-- \/ Yoast SEO plugin. -->","yoast_head_json":{"title":"Dokumentatsioon - MobiGW","robots":{"index":"index","follow":"follow","max-snippet":"max-snippet:-1","max-image-preview":"max-image-preview:large","max-video-preview":"max-video-preview:-1"},"canonical":"https:\/\/webtest.mobigw.mobi\/et\/documentation\/","og_locale":"et_EE","og_type":"article","og_title":"Dokumentatsioon - MobiGW","og_description":"Siit leiad meie dokumentatsiooni, kus on nii \u00fcldisemat infot kui ka API liidestamiseks vajalikke juhiseid. Kui sa ei leia seda, mida vaja, siis v\u00f5ta meiega \u00fchendust:\u00a0services@mobigw.mobi. API dokumentatsioon Mobiilimakse API MSISDN tuvastamise\u00a0API Push-SMS API s\u00f5numite v\u00e4lja saatmiseks Perioodiliste maksete API Direct Carrier Billing API Teenuste juhendid ja tingimused Perioodiliste teenuste pakkumise juhised Eestis. V\u00e4ljaandja: Eesti ...","og_url":"https:\/\/webtest.mobigw.mobi\/et\/documentation\/","og_site_name":"MobiGW","article_modified_time":"2015-05-27T08:47:35+00:00","twitter_card":"summary_large_image","schema":{"@context":"https:\/\/schema.org","@graph":[{"@type":"WebPage","@id":"https:\/\/webtest.mobigw.mobi\/et\/documentation\/","url":"https:\/\/webtest.mobigw.mobi\/et\/documentation\/","name":"Dokumentatsioon - MobiGW","isPartOf":{"@id":"http:\/\/webtest.mobigw.mobi\/#website"},"datePublished":"2015-04-08T11:34:05+00:00","dateModified":"2015-05-27T08:47:35+00:00","breadcrumb":{"@id":"https:\/\/webtest.mobigw.mobi\/et\/documentation\/#breadcrumb"},"inLanguage":"et","potentialAction":[{"@type":"ReadAction","target":["https:\/\/webtest.mobigw.mobi\/et\/documentation\/"]}]},{"@type":"BreadcrumbList","@id":"https:\/\/webtest.mobigw.mobi\/et\/documentation\/#breadcrumb","itemListElement":[{"@type":"ListItem","position":1,"name":"Home","item":"http:\/\/webtest.mobigw.mobi\/et\/"},{"@type":"ListItem","position":2,"name":"Dokumentatsioon"}]},{"@type":"WebSite","@id":"http:\/\/webtest.mobigw.mobi\/#website","url":"http:\/\/webtest.mobigw.mobi\/","name":"MobiGW","description":"","potentialAction":[{"@type":"SearchAction","target":{"@type":"EntryPoint","urlTemplate":"http:\/\/webtest.mobigw.mobi\/?s={search_term_string}"},"query-input":{"@type":"PropertyValueSpecification","valueRequired":true,"valueName":"search_term_string"}}],"inLanguage":"et"}]}},"_links":{"self":[{"href":"https:\/\/webtest.mobigw.mobi\/et\/wp-json\/wp\/v2\/pages\/201","targetHints":{"allow":["GET"]}}],"collection":[{"href":"https:\/\/webtest.mobigw.mobi\/et\/wp-json\/wp\/v2\/pages"}],"about":[{"href":"https:\/\/webtest.mobigw.mobi\/et\/wp-json\/wp\/v2\/types\/page"}],"author":[{"embeddable":true,"href":"https:\/\/webtest.mobigw.mobi\/et\/wp-json\/wp\/v2\/users\/1"}],"replies":[{"embeddable":true,"href":"https:\/\/webtest.mobigw.mobi\/et\/wp-json\/wp\/v2\/comments?post=201"}],"version-history":[{"count":5,"href":"https:\/\/webtest.mobigw.mobi\/et\/wp-json\/wp\/v2\/pages\/201\/revisions"}],"predecessor-version":[{"id":524,"href":"https:\/\/webtest.mobigw.mobi\/et\/wp-json\/wp\/v2\/pages\/201\/revisions\/524"}],"wp:attachment":[{"href":"https:\/\/webtest.mobigw.mobi\/et\/wp-json\/wp\/v2\/media?parent=201"}],"curies":[{"name":"wp","href":"https:\/\/api.w.org\/{rel}","templated":true}]}}