{"id":337,"date":"2015-04-17T11:57:50","date_gmt":"2015-04-17T11:57:50","guid":{"rendered":"http:\/\/wp.gotoandplay.ee\/mobigw\/?page_id=337"},"modified":"2015-05-14T20:31:07","modified_gmt":"2015-05-14T20:31:07","slug":"mobiilimaksed","status":"publish","type":"page","link":"https:\/\/webtest.mobigw.mobi\/et\/teenused\/mobiilimaksed\/","title":{"rendered":"Mobiilimaksed"},"content":{"rendered":"<h2>Miks mobiilimakse?<\/h2>\n<p>SMS on parim lahendus kui soovid mikromaksete tasumise enda klientidele v\u00f5imalikult lihtsaks ja mugavaks teha.<\/p>\n<p>Internet on \u00fcks n\u00e4ide &#8220;kauplusest&#8221;, kus ostmiseks sularaha kasutamine on v\u00f5imatu ja pangakaardi kasutamine kasutajale piisavalt ebamugav, et seda v\u00e4iksemate ostude puhul rakendada. Ka mobiilis tarbitavate teenuste eest on k\u00f5ige mugavam maksta just mobiiliga.<\/p>\n<p>SMS-makse teeb v\u00f5imalikuks v\u00f5tta internetilehek\u00fclje vaatamise eest\u00a0kasutajalt talle mugaval moel tasu. Mugavus on oluline argument: m\u00f5nede MobiGW kliendiks olevate Internetilehek\u00fclgede\u00a0tulu\u00a0on p\u00e4rast SMS-makse kasutuselev\u00f5ttu\u00a0kolmekordistunud\u00a0just t\u00e4nu mugavuseelistele v\u00f5rreldes teiste maksmisviisidega.<\/p>\n<h2>Vaata ka meie erilahendusi<\/h2>\n","protected":false},"excerpt":{"rendered":"<p>Miks mobiilimakse? SMS on parim lahendus kui soovid mikromaksete tasumise enda klientidele v\u00f5imalikult lihtsaks ja mugavaks teha. Internet on \u00fcks n\u00e4ide &#8220;kauplusest&#8221;, kus ostmiseks sularaha kasutamine on v\u00f5imatu ja pangakaardi kasutamine kasutajale piisavalt ebamugav, et seda v\u00e4iksemate ostude puhul rakendada. Ka mobiilis tarbitavate teenuste eest on k\u00f5ige mugavam maksta just mobiiliga. SMS-makse teeb v\u00f5imalikuks v\u00f5tta &#8230;<\/p>\n","protected":false},"author":2,"featured_media":0,"parent":342,"menu_order":0,"comment_status":"closed","ping_status":"closed","template":"","meta":{"footnotes":""},"class_list":["post-337","page","type-page","status-publish","hentry"],"yoast_head":"<!-- This site is optimized with the Yoast SEO plugin v27.4 - https:\/\/yoast.com\/product\/yoast-seo-wordpress\/ -->\n<title>Mobiilimaksed - MobiGW<\/title>\n<meta name=\"robots\" content=\"index, follow, max-snippet:-1, max-image-preview:large, max-video-preview:-1\" \/>\n<link rel=\"canonical\" href=\"http:\/\/webtest.mobigw.mobi\/et\/teenused\/mobiilimaksed\/\" \/>\n<meta property=\"og:locale\" content=\"et_EE\" \/>\n<meta property=\"og:type\" content=\"article\" \/>\n<meta property=\"og:title\" content=\"Mobiilimaksed - MobiGW\" \/>\n<meta property=\"og:description\" content=\"Miks mobiilimakse? SMS on parim lahendus kui soovid mikromaksete tasumise enda klientidele v\u00f5imalikult lihtsaks ja mugavaks teha. Internet on \u00fcks n\u00e4ide &#8220;kauplusest&#8221;, kus ostmiseks sularaha kasutamine on v\u00f5imatu ja pangakaardi kasutamine kasutajale piisavalt ebamugav, et seda v\u00e4iksemate ostude puhul rakendada. Ka mobiilis tarbitavate teenuste eest on k\u00f5ige mugavam maksta just mobiiliga. SMS-makse teeb v\u00f5imalikuks v\u00f5tta ...\" \/>\n<meta property=\"og:url\" content=\"http:\/\/webtest.mobigw.mobi\/et\/teenused\/mobiilimaksed\/\" \/>\n<meta property=\"og:site_name\" content=\"MobiGW\" \/>\n<meta property=\"article:modified_time\" content=\"2015-05-14T20:31:07+00:00\" \/>\n<meta name=\"twitter:card\" content=\"summary_large_image\" \/>\n<meta name=\"twitter:label1\" content=\"Est. reading time\" \/>\n\t<meta name=\"twitter:data1\" content=\"1 minut\" \/>\n<script type=\"application\/ld+json\" class=\"yoast-schema-graph\">{\"@context\":\"https:\\\/\\\/schema.org\",\"@graph\":[{\"@type\":\"WebPage\",\"@id\":\"http:\\\/\\\/webtest.mobigw.mobi\\\/et\\\/teenused\\\/mobiilimaksed\\\/\",\"url\":\"http:\\\/\\\/webtest.mobigw.mobi\\\/et\\\/teenused\\\/mobiilimaksed\\\/\",\"name\":\"Mobiilimaksed - MobiGW\",\"isPartOf\":{\"@id\":\"http:\\\/\\\/webtest.mobigw.mobi\\\/#website\"},\"datePublished\":\"2015-04-17T11:57:50+00:00\",\"dateModified\":\"2015-05-14T20:31:07+00:00\",\"breadcrumb\":{\"@id\":\"http:\\\/\\\/webtest.mobigw.mobi\\\/et\\\/teenused\\\/mobiilimaksed\\\/#breadcrumb\"},\"inLanguage\":\"et\",\"potentialAction\":[{\"@type\":\"ReadAction\",\"target\":[\"http:\\\/\\\/webtest.mobigw.mobi\\\/et\\\/teenused\\\/mobiilimaksed\\\/\"]}]},{\"@type\":\"BreadcrumbList\",\"@id\":\"http:\\\/\\\/webtest.mobigw.mobi\\\/et\\\/teenused\\\/mobiilimaksed\\\/#breadcrumb\",\"itemListElement\":[{\"@type\":\"ListItem\",\"position\":1,\"name\":\"Home\",\"item\":\"http:\\\/\\\/webtest.mobigw.mobi\\\/et\\\/\"},{\"@type\":\"ListItem\",\"position\":2,\"name\":\"Teenused\",\"item\":\"http:\\\/\\\/webtest.mobigw.mobi\\\/et\\\/teenused\\\/\"},{\"@type\":\"ListItem\",\"position\":3,\"name\":\"Mobiilimaksed\"}]},{\"@type\":\"WebSite\",\"@id\":\"http:\\\/\\\/webtest.mobigw.mobi\\\/#website\",\"url\":\"http:\\\/\\\/webtest.mobigw.mobi\\\/\",\"name\":\"MobiGW\",\"description\":\"\",\"potentialAction\":[{\"@type\":\"SearchAction\",\"target\":{\"@type\":\"EntryPoint\",\"urlTemplate\":\"http:\\\/\\\/webtest.mobigw.mobi\\\/?s={search_term_string}\"},\"query-input\":{\"@type\":\"PropertyValueSpecification\",\"valueRequired\":true,\"valueName\":\"search_term_string\"}}],\"inLanguage\":\"et\"}]}<\/script>\n<!-- \/ Yoast SEO plugin. -->","yoast_head_json":{"title":"Mobiilimaksed - MobiGW","robots":{"index":"index","follow":"follow","max-snippet":"max-snippet:-1","max-image-preview":"max-image-preview:large","max-video-preview":"max-video-preview:-1"},"canonical":"http:\/\/webtest.mobigw.mobi\/et\/teenused\/mobiilimaksed\/","og_locale":"et_EE","og_type":"article","og_title":"Mobiilimaksed - MobiGW","og_description":"Miks mobiilimakse? SMS on parim lahendus kui soovid mikromaksete tasumise enda klientidele v\u00f5imalikult lihtsaks ja mugavaks teha. Internet on \u00fcks n\u00e4ide &#8220;kauplusest&#8221;, kus ostmiseks sularaha kasutamine on v\u00f5imatu ja pangakaardi kasutamine kasutajale piisavalt ebamugav, et seda v\u00e4iksemate ostude puhul rakendada. Ka mobiilis tarbitavate teenuste eest on k\u00f5ige mugavam maksta just mobiiliga. SMS-makse teeb v\u00f5imalikuks v\u00f5tta ...","og_url":"http:\/\/webtest.mobigw.mobi\/et\/teenused\/mobiilimaksed\/","og_site_name":"MobiGW","article_modified_time":"2015-05-14T20:31:07+00:00","twitter_card":"summary_large_image","twitter_misc":{"Est. reading time":"1 minut"},"schema":{"@context":"https:\/\/schema.org","@graph":[{"@type":"WebPage","@id":"http:\/\/webtest.mobigw.mobi\/et\/teenused\/mobiilimaksed\/","url":"http:\/\/webtest.mobigw.mobi\/et\/teenused\/mobiilimaksed\/","name":"Mobiilimaksed - MobiGW","isPartOf":{"@id":"http:\/\/webtest.mobigw.mobi\/#website"},"datePublished":"2015-04-17T11:57:50+00:00","dateModified":"2015-05-14T20:31:07+00:00","breadcrumb":{"@id":"http:\/\/webtest.mobigw.mobi\/et\/teenused\/mobiilimaksed\/#breadcrumb"},"inLanguage":"et","potentialAction":[{"@type":"ReadAction","target":["http:\/\/webtest.mobigw.mobi\/et\/teenused\/mobiilimaksed\/"]}]},{"@type":"BreadcrumbList","@id":"http:\/\/webtest.mobigw.mobi\/et\/teenused\/mobiilimaksed\/#breadcrumb","itemListElement":[{"@type":"ListItem","position":1,"name":"Home","item":"http:\/\/webtest.mobigw.mobi\/et\/"},{"@type":"ListItem","position":2,"name":"Teenused","item":"http:\/\/webtest.mobigw.mobi\/et\/teenused\/"},{"@type":"ListItem","position":3,"name":"Mobiilimaksed"}]},{"@type":"WebSite","@id":"http:\/\/webtest.mobigw.mobi\/#website","url":"http:\/\/webtest.mobigw.mobi\/","name":"MobiGW","description":"","potentialAction":[{"@type":"SearchAction","target":{"@type":"EntryPoint","urlTemplate":"http:\/\/webtest.mobigw.mobi\/?s={search_term_string}"},"query-input":{"@type":"PropertyValueSpecification","valueRequired":true,"valueName":"search_term_string"}}],"inLanguage":"et"}]}},"_links":{"self":[{"href":"https:\/\/webtest.mobigw.mobi\/et\/wp-json\/wp\/v2\/pages\/337","targetHints":{"allow":["GET"]}}],"collection":[{"href":"https:\/\/webtest.mobigw.mobi\/et\/wp-json\/wp\/v2\/pages"}],"about":[{"href":"https:\/\/webtest.mobigw.mobi\/et\/wp-json\/wp\/v2\/types\/page"}],"author":[{"embeddable":true,"href":"https:\/\/webtest.mobigw.mobi\/et\/wp-json\/wp\/v2\/users\/2"}],"replies":[{"embeddable":true,"href":"https:\/\/webtest.mobigw.mobi\/et\/wp-json\/wp\/v2\/comments?post=337"}],"version-history":[{"count":5,"href":"https:\/\/webtest.mobigw.mobi\/et\/wp-json\/wp\/v2\/pages\/337\/revisions"}],"predecessor-version":[{"id":473,"href":"https:\/\/webtest.mobigw.mobi\/et\/wp-json\/wp\/v2\/pages\/337\/revisions\/473"}],"up":[{"embeddable":true,"href":"https:\/\/webtest.mobigw.mobi\/et\/wp-json\/wp\/v2\/pages\/342"}],"wp:attachment":[{"href":"https:\/\/webtest.mobigw.mobi\/et\/wp-json\/wp\/v2\/media?parent=337"}],"curies":[{"name":"wp","href":"https:\/\/api.w.org\/{rel}","templated":true}]}}