{"id":351,"date":"2015-04-17T12:20:31","date_gmt":"2015-04-17T12:20:31","guid":{"rendered":"http:\/\/wp.gotoandplay.ee\/mobigw\/?page_id=351"},"modified":"2015-05-14T20:35:53","modified_gmt":"2015-05-14T20:35:53","slug":"sms-tarbijakampaaniad","status":"publish","type":"page","link":"https:\/\/webtest.mobigw.mobi\/et\/teenused\/sms-tarbijakampaaniad\/","title":{"rendered":"SMS-tarbijakampaaniad"},"content":{"rendered":"<h2>End t\u00f5estanud lahendus<\/h2>\n<p>MobiGW on koost\u00f6\u00f6s Balti reklaamiagentuuridega ja br\u00e4ndidega viinud l\u00e4bi \u00fcle 700 SMS-p\u00f5hise tarbijakampaania. See on teinud meist Eesti k\u00f5ige kogenuma selle valdkonna firma ja eelistatuima partneri reklaamiagentuuridele.<\/p>\n<h2>Miks SMS?<\/h2>\n","protected":false},"excerpt":{"rendered":"<p>End t\u00f5estanud lahendus MobiGW on koost\u00f6\u00f6s Balti reklaamiagentuuridega ja br\u00e4ndidega viinud l\u00e4bi \u00fcle 700 SMS-p\u00f5hise tarbijakampaania. See on teinud meist Eesti k\u00f5ige kogenuma selle valdkonna firma ja eelistatuima partneri reklaamiagentuuridele. Miks SMS?<\/p>\n","protected":false},"author":2,"featured_media":0,"parent":342,"menu_order":0,"comment_status":"closed","ping_status":"closed","template":"template-campaign.php","meta":{"footnotes":""},"class_list":["post-351","page","type-page","status-publish","hentry"],"yoast_head":"<!-- This site is optimized with the Yoast SEO plugin v27.4 - https:\/\/yoast.com\/product\/yoast-seo-wordpress\/ -->\n<title>SMS-tarbijakampaaniad - MobiGW<\/title>\n<meta name=\"robots\" content=\"index, follow, max-snippet:-1, max-image-preview:large, max-video-preview:-1\" \/>\n<link rel=\"canonical\" href=\"https:\/\/webtest.mobigw.mobi\/et\/teenused\/sms-tarbijakampaaniad\/\" \/>\n<meta property=\"og:locale\" content=\"et_EE\" \/>\n<meta property=\"og:type\" content=\"article\" \/>\n<meta property=\"og:title\" content=\"SMS-tarbijakampaaniad - MobiGW\" \/>\n<meta property=\"og:description\" content=\"End t\u00f5estanud lahendus MobiGW on koost\u00f6\u00f6s Balti reklaamiagentuuridega ja br\u00e4ndidega viinud l\u00e4bi \u00fcle 700 SMS-p\u00f5hise tarbijakampaania. See on teinud meist Eesti k\u00f5ige kogenuma selle valdkonna firma ja eelistatuima partneri reklaamiagentuuridele. Miks SMS?\" \/>\n<meta property=\"og:url\" content=\"https:\/\/webtest.mobigw.mobi\/et\/teenused\/sms-tarbijakampaaniad\/\" \/>\n<meta property=\"og:site_name\" content=\"MobiGW\" \/>\n<meta property=\"article:modified_time\" content=\"2015-05-14T20:35:53+00:00\" \/>\n<meta name=\"twitter:card\" content=\"summary_large_image\" \/>\n<script type=\"application\/ld+json\" class=\"yoast-schema-graph\">{\"@context\":\"https:\\\/\\\/schema.org\",\"@graph\":[{\"@type\":\"WebPage\",\"@id\":\"https:\\\/\\\/webtest.mobigw.mobi\\\/et\\\/teenused\\\/sms-tarbijakampaaniad\\\/\",\"url\":\"https:\\\/\\\/webtest.mobigw.mobi\\\/et\\\/teenused\\\/sms-tarbijakampaaniad\\\/\",\"name\":\"SMS-tarbijakampaaniad - MobiGW\",\"isPartOf\":{\"@id\":\"http:\\\/\\\/webtest.mobigw.mobi\\\/#website\"},\"datePublished\":\"2015-04-17T12:20:31+00:00\",\"dateModified\":\"2015-05-14T20:35:53+00:00\",\"breadcrumb\":{\"@id\":\"https:\\\/\\\/webtest.mobigw.mobi\\\/et\\\/teenused\\\/sms-tarbijakampaaniad\\\/#breadcrumb\"},\"inLanguage\":\"et\",\"potentialAction\":[{\"@type\":\"ReadAction\",\"target\":[\"https:\\\/\\\/webtest.mobigw.mobi\\\/et\\\/teenused\\\/sms-tarbijakampaaniad\\\/\"]}]},{\"@type\":\"BreadcrumbList\",\"@id\":\"https:\\\/\\\/webtest.mobigw.mobi\\\/et\\\/teenused\\\/sms-tarbijakampaaniad\\\/#breadcrumb\",\"itemListElement\":[{\"@type\":\"ListItem\",\"position\":1,\"name\":\"Home\",\"item\":\"http:\\\/\\\/webtest.mobigw.mobi\\\/et\\\/\"},{\"@type\":\"ListItem\",\"position\":2,\"name\":\"Teenused\",\"item\":\"http:\\\/\\\/webtest.mobigw.mobi\\\/et\\\/teenused\\\/\"},{\"@type\":\"ListItem\",\"position\":3,\"name\":\"SMS-tarbijakampaaniad\"}]},{\"@type\":\"WebSite\",\"@id\":\"http:\\\/\\\/webtest.mobigw.mobi\\\/#website\",\"url\":\"http:\\\/\\\/webtest.mobigw.mobi\\\/\",\"name\":\"MobiGW\",\"description\":\"\",\"potentialAction\":[{\"@type\":\"SearchAction\",\"target\":{\"@type\":\"EntryPoint\",\"urlTemplate\":\"http:\\\/\\\/webtest.mobigw.mobi\\\/?s={search_term_string}\"},\"query-input\":{\"@type\":\"PropertyValueSpecification\",\"valueRequired\":true,\"valueName\":\"search_term_string\"}}],\"inLanguage\":\"et\"}]}<\/script>\n<!-- \/ Yoast SEO plugin. -->","yoast_head_json":{"title":"SMS-tarbijakampaaniad - MobiGW","robots":{"index":"index","follow":"follow","max-snippet":"max-snippet:-1","max-image-preview":"max-image-preview:large","max-video-preview":"max-video-preview:-1"},"canonical":"https:\/\/webtest.mobigw.mobi\/et\/teenused\/sms-tarbijakampaaniad\/","og_locale":"et_EE","og_type":"article","og_title":"SMS-tarbijakampaaniad - MobiGW","og_description":"End t\u00f5estanud lahendus MobiGW on koost\u00f6\u00f6s Balti reklaamiagentuuridega ja br\u00e4ndidega viinud l\u00e4bi \u00fcle 700 SMS-p\u00f5hise tarbijakampaania. See on teinud meist Eesti k\u00f5ige kogenuma selle valdkonna firma ja eelistatuima partneri reklaamiagentuuridele. Miks SMS?","og_url":"https:\/\/webtest.mobigw.mobi\/et\/teenused\/sms-tarbijakampaaniad\/","og_site_name":"MobiGW","article_modified_time":"2015-05-14T20:35:53+00:00","twitter_card":"summary_large_image","schema":{"@context":"https:\/\/schema.org","@graph":[{"@type":"WebPage","@id":"https:\/\/webtest.mobigw.mobi\/et\/teenused\/sms-tarbijakampaaniad\/","url":"https:\/\/webtest.mobigw.mobi\/et\/teenused\/sms-tarbijakampaaniad\/","name":"SMS-tarbijakampaaniad - MobiGW","isPartOf":{"@id":"http:\/\/webtest.mobigw.mobi\/#website"},"datePublished":"2015-04-17T12:20:31+00:00","dateModified":"2015-05-14T20:35:53+00:00","breadcrumb":{"@id":"https:\/\/webtest.mobigw.mobi\/et\/teenused\/sms-tarbijakampaaniad\/#breadcrumb"},"inLanguage":"et","potentialAction":[{"@type":"ReadAction","target":["https:\/\/webtest.mobigw.mobi\/et\/teenused\/sms-tarbijakampaaniad\/"]}]},{"@type":"BreadcrumbList","@id":"https:\/\/webtest.mobigw.mobi\/et\/teenused\/sms-tarbijakampaaniad\/#breadcrumb","itemListElement":[{"@type":"ListItem","position":1,"name":"Home","item":"http:\/\/webtest.mobigw.mobi\/et\/"},{"@type":"ListItem","position":2,"name":"Teenused","item":"http:\/\/webtest.mobigw.mobi\/et\/teenused\/"},{"@type":"ListItem","position":3,"name":"SMS-tarbijakampaaniad"}]},{"@type":"WebSite","@id":"http:\/\/webtest.mobigw.mobi\/#website","url":"http:\/\/webtest.mobigw.mobi\/","name":"MobiGW","description":"","potentialAction":[{"@type":"SearchAction","target":{"@type":"EntryPoint","urlTemplate":"http:\/\/webtest.mobigw.mobi\/?s={search_term_string}"},"query-input":{"@type":"PropertyValueSpecification","valueRequired":true,"valueName":"search_term_string"}}],"inLanguage":"et"}]}},"_links":{"self":[{"href":"https:\/\/webtest.mobigw.mobi\/et\/wp-json\/wp\/v2\/pages\/351","targetHints":{"allow":["GET"]}}],"collection":[{"href":"https:\/\/webtest.mobigw.mobi\/et\/wp-json\/wp\/v2\/pages"}],"about":[{"href":"https:\/\/webtest.mobigw.mobi\/et\/wp-json\/wp\/v2\/types\/page"}],"author":[{"embeddable":true,"href":"https:\/\/webtest.mobigw.mobi\/et\/wp-json\/wp\/v2\/users\/2"}],"replies":[{"embeddable":true,"href":"https:\/\/webtest.mobigw.mobi\/et\/wp-json\/wp\/v2\/comments?post=351"}],"version-history":[{"count":5,"href":"https:\/\/webtest.mobigw.mobi\/et\/wp-json\/wp\/v2\/pages\/351\/revisions"}],"predecessor-version":[{"id":475,"href":"https:\/\/webtest.mobigw.mobi\/et\/wp-json\/wp\/v2\/pages\/351\/revisions\/475"}],"up":[{"embeddable":true,"href":"https:\/\/webtest.mobigw.mobi\/et\/wp-json\/wp\/v2\/pages\/342"}],"wp:attachment":[{"href":"https:\/\/webtest.mobigw.mobi\/et\/wp-json\/wp\/v2\/media?parent=351"}],"curies":[{"name":"wp","href":"https:\/\/api.w.org\/{rel}","templated":true}]}}